{"id":1113,"date":"2023-04-24T09:58:17","date_gmt":"2023-04-24T09:58:17","guid":{"rendered":"https:\/\/magdrill2.resetwebstudio.nl\/sobre\/"},"modified":"2023-10-08T18:25:36","modified_gmt":"2023-10-08T18:25:36","slug":"sobre","status":"publish","type":"page","link":"https:\/\/magdrill-smart.com\/es\/sobre\/","title":{"rendered":"Sobre"},"content":{"rendered":"\t\t<div data-elementor-type=\"wp-page\" data-elementor-id=\"1113\" class=\"elementor elementor-1113 elementor-51\" data-elementor-post-type=\"page\">\n\t\t\t\t\t\t<section class=\"elementor-section elementor-top-section elementor-element elementor-element-5b3c99e4 elementor-section-full_width elementor-section-height-default elementor-section-height-default\" data-id=\"5b3c99e4\" data-element_type=\"section\" data-e-type=\"section\" data-settings=\"{&quot;_ob_glider_is_slider&quot;:&quot;no&quot;}\">\n\t\t\t\t\t\t<div class=\"elementor-container elementor-column-gap-no\">\n\t\t\t\t\t<div class=\"elementor-column elementor-col-100 elementor-top-column elementor-element elementor-element-70407a2c\" data-id=\"70407a2c\" data-element_type=\"column\" data-e-type=\"column\" data-settings=\"{&quot;_ob_column_hoveranimator&quot;:&quot;no&quot;,&quot;_ob_column_has_pseudo&quot;:&quot;no&quot;}\">\n\t\t\t<div class=\"elementor-widget-wrap elementor-element-populated\">\n\t\t\t\t\t\t<section class=\"elementor-section elementor-inner-section elementor-element elementor-element-550565cc elementor-section-boxed elementor-section-height-default elementor-section-height-default\" data-id=\"550565cc\" data-element_type=\"section\" data-e-type=\"section\" data-settings=\"{&quot;_ob_glider_is_slider&quot;:&quot;no&quot;}\">\n\t\t\t\t\t\t<div class=\"elementor-container elementor-column-gap-no\">\n\t\t\t\t\t<div class=\"elementor-column elementor-col-100 elementor-inner-column elementor-element elementor-element-479a5ee2\" data-id=\"479a5ee2\" data-element_type=\"column\" data-e-type=\"column\" data-settings=\"{&quot;_ob_column_hoveranimator&quot;:&quot;no&quot;,&quot;_ob_column_has_pseudo&quot;:&quot;no&quot;}\">\n\t\t\t<div class=\"elementor-widget-wrap elementor-element-populated\">\n\t\t\t\t\t\t<div class=\"elementor-element elementor-element-4a3a9108 ob-harakiri-inherit ob-has-background-overlay elementor-widget elementor-widget-heading\" data-id=\"4a3a9108\" data-element_type=\"widget\" data-e-type=\"widget\" data-settings=\"{&quot;_ob_use_harakiri&quot;:&quot;yes&quot;,&quot;_ob_harakiri_writing_mode&quot;:&quot;inherit&quot;,&quot;_ob_harakiri_text_clip&quot;:&quot;none&quot;,&quot;_ob_widget_stalker_use&quot;:&quot;no&quot;,&quot;_ob_poopart_use&quot;:&quot;yes&quot;,&quot;_ob_shadough_use&quot;:&quot;no&quot;,&quot;_ob_allow_hoveranimator&quot;:&quot;no&quot;}\" data-widget_type=\"heading.default\">\n\t\t\t\t<div class=\"elementor-widget-container\">\n\t\t\t\t\t<h2 class=\"elementor-heading-title elementor-size-default\">BE <span style=\"color: #ec0e0e\">SMART.<\/span><\/h2>\t\t\t\t<\/div>\n\t\t\t\t<\/div>\n\t\t\t\t<div class=\"elementor-element elementor-element-37f7962b ob-harakiri-inherit ob-has-background-overlay elementor-widget elementor-widget-text-editor\" data-id=\"37f7962b\" data-element_type=\"widget\" data-e-type=\"widget\" data-settings=\"{&quot;_ob_use_harakiri&quot;:&quot;yes&quot;,&quot;_ob_harakiri_writing_mode&quot;:&quot;inherit&quot;,&quot;_ob_postman_use&quot;:&quot;no&quot;,&quot;_ob_widget_stalker_use&quot;:&quot;no&quot;,&quot;_ob_poopart_use&quot;:&quot;yes&quot;,&quot;_ob_shadough_use&quot;:&quot;no&quot;,&quot;_ob_allow_hoveranimator&quot;:&quot;no&quot;}\" data-widget_type=\"text-editor.default\">\n\t\t\t\t<div class=\"elementor-widget-container\">\n\t\t\t\t\t\t\t\t\t<p><span style=\"color: #ec0e0e;\">Las m\u00e1quinas SMART.<\/span> nacieron al darnos cuenta de que hay un gran grupo de profesionales del metal que solo quieren perforar agujeros. Es por eso que <span style=\"color: #ec0e0e;\">SMART.<\/span> est\u00e1 impulsada por el experto a la hora de perforar agujeros: Euroboor.<\/p>\n<p>Superando las expectativas de los clientes desarrollando y proporcionando soluciones port\u00e1tiles de perforaci\u00f3n y corte seguras, econ\u00f3micas e innovadoras.<\/p>\n<p>\u00bfAlguna vez trabaj\u00f3 con herramientas industriales que no cumplieron con la calidad y el rendimiento prometidos? \u00bfM\u00e1quinas pesadas que son inc\u00f3modas de usar y que, por lo tanto, le cuestan mucho tiempo y esfuerzo tanto a usted como a sus empleados?<\/p>\n<p>En <span style=\"color: #ec0e0e;\">SMART.<\/span> creemos que se puede hacer de otra manera. Que un profesional como t\u00fa debe poder confiar en un fabricante profesional. Lo que nos ha llevado a convertirnos en un actor importante en el mundo industrial, con f\u00e1brica propia y varias oficinas en todo el mundo. Todo porque siempre hemos escuchado a nuestros clientes y las demandas del mercado.<\/p>\n<p>Nuestros clientes son quienes utilizan nuestras herramientas todos los d\u00edas. Por lo tanto, son nuestros indicadores clave en lo que respecta al desarrollo y la producci\u00f3n. De lo que el punto de partida es claro: \u00a1lo bueno no es suficiente! <span style=\"color: #ec0e0e;\">Las m\u00e1quinas SMART.<\/span> siempre van un paso m\u00e1s all\u00e1. Con nuestros m\u00e9todos de producci\u00f3n y enfoque t\u00e9cnico, nuestro objetivo es desarrollar herramientas m\u00e1s ligeras, m\u00e1s fuertes, m\u00e1s seguras y m\u00e1s confiables. Adem\u00e1s, probamos exhaustivamente nuestras herramientas desde el inicio del proceso de desarrollo hasta la producci\u00f3n.<\/p>\n<p>Nuestra visi\u00f3n se centra en desarrollar herramientas port\u00e1tiles innovadoras que agreguen valor a nuestros clientes y les faciliten su trabajo diario. Nunca perdemos de vista la seguridad, la sostenibilidad, el ahorro de tiempo y de costes. Nuestra misi\u00f3n es siempre clara: superar las expectativas del cliente.<\/p>\n<p><strong style=\"font-size: 1rem;\">COMPRA <span style=\"color: #ec0e0e;\">SMART.<\/span><\/strong><\/p>\n\t\t\t\t\t\t\t\t<\/div>\n\t\t\t\t<\/div>\n\t\t\t\t\t<\/div>\n\t\t<\/div>\n\t\t\t\t\t<\/div>\n\t\t<\/section>\n\t\t\t\t\t<\/div>\n\t\t<\/div>\n\t\t\t\t\t<\/div>\n\t\t<\/section>\n\t\t<div class=\"elementor-element elementor-element-9951e07 e-flex e-con-boxed e-con e-parent\" data-id=\"9951e07\" data-element_type=\"container\" data-e-type=\"container\" data-settings=\"{&quot;background_background&quot;:&quot;classic&quot;,&quot;_ob_use_container_extras&quot;:&quot;no&quot;,&quot;_ob_column_hoveranimator&quot;:&quot;no&quot;,&quot;_ob_glider_is_slider&quot;:&quot;no&quot;,&quot;_ob_column_has_pseudo&quot;:&quot;no&quot;}\">\n\t\t\t\t\t<div class=\"e-con-inner\">\n\t\t\t\t<div class=\"elementor-element elementor-element-87e2bb3 elementor-widget__width-initial ob-has-background-overlay elementor-widget elementor-widget-heading\" data-id=\"87e2bb3\" data-element_type=\"widget\" data-e-type=\"widget\" data-settings=\"{&quot;_ob_widget_stalker_use&quot;:&quot;no&quot;,&quot;_ob_poopart_use&quot;:&quot;yes&quot;,&quot;_ob_shadough_use&quot;:&quot;no&quot;,&quot;_ob_allow_hoveranimator&quot;:&quot;no&quot;}\" data-widget_type=\"heading.default\">\n\t\t\t\t<div class=\"elementor-widget-container\">\n\t\t\t\t\t<h2 class=\"elementor-heading-title elementor-size-default\">PRIVATE LABEL<br>TU M\u00c1QUINA, TU MIRADA Y SENTIMIENTO<\/h2>\t\t\t\t<\/div>\n\t\t\t\t<\/div>\n\t\t\t\t<div class=\"elementor-element elementor-element-c2c887b elementor-widget__width-initial ob-harakiri-inherit ob-has-background-overlay elementor-widget elementor-widget-text-editor\" data-id=\"c2c887b\" data-element_type=\"widget\" data-e-type=\"widget\" data-settings=\"{&quot;_ob_use_harakiri&quot;:&quot;yes&quot;,&quot;_ob_harakiri_writing_mode&quot;:&quot;inherit&quot;,&quot;_ob_postman_use&quot;:&quot;no&quot;,&quot;_ob_widget_stalker_use&quot;:&quot;no&quot;,&quot;_ob_poopart_use&quot;:&quot;yes&quot;,&quot;_ob_shadough_use&quot;:&quot;no&quot;,&quot;_ob_allow_hoveranimator&quot;:&quot;no&quot;}\" data-widget_type=\"text-editor.default\">\n\t\t\t\t<div class=\"elementor-widget-container\">\n\t\t\t\t\t\t\t\t\t<p>\u00bfTiene una marca que grita una apariencia personalizada? \u00bfPor qu\u00e9 no darle a tu taladro magn\u00e9tico esa misma voz? \u00a1Vea nuestras opciones para marcos y etiquetas personalizados!<\/p>\n\t\t\t\t\t\t\t\t<\/div>\n\t\t\t\t<\/div>\n\t\t\t\t<div class=\"elementor-element elementor-element-de0d81b elementor-widget__width-auto ob-has-background-overlay elementor-widget elementor-widget-button\" data-id=\"de0d81b\" data-element_type=\"widget\" data-e-type=\"widget\" data-settings=\"{&quot;_ob_butterbutton_use_it&quot;:&quot;no&quot;,&quot;_ob_widget_stalker_use&quot;:&quot;no&quot;,&quot;_ob_poopart_use&quot;:&quot;yes&quot;,&quot;_ob_shadough_use&quot;:&quot;no&quot;,&quot;_ob_allow_hoveranimator&quot;:&quot;no&quot;}\" data-widget_type=\"button.default\">\n\t\t\t\t<div class=\"elementor-widget-container\">\n\t\t\t\t\t\t\t\t\t<div class=\"elementor-button-wrapper\">\n\t\t\t\t\t<a class=\"elementor-button elementor-button-link elementor-size-sm\" href=\"https:\/\/magdrill-smart.com\/eom\/\">\n\t\t\t\t\t\t<span class=\"elementor-button-content-wrapper\">\n\t\t\t\t\t\t\t\t\t<span class=\"elementor-button-text\">Click aqu\u00ed<\/span>\n\t\t\t\t\t<\/span>\n\t\t\t\t\t<\/a>\n\t\t\t\t<\/div>\n\t\t\t\t\t\t\t\t<\/div>\n\t\t\t\t<\/div>\n\t\t\t\t\t<\/div>\n\t\t\t\t<\/div>\n\t\t\t\t<\/div>\n\t\t","protected":false},"excerpt":{"rendered":"<p>BE SMART. Las m\u00e1quinas SMART. nacieron al darnos cuenta de que hay un gran grupo de profesionales del metal que solo quieren perforar agujeros. Es por eso que SMART. est\u00e1 impulsada por el experto a la hora de perforar agujeros: Euroboor. Superando las expectativas de los clientes desarrollando y proporcionando soluciones port\u00e1tiles de perforaci\u00f3n y [&hellip;]<\/p>\n","protected":false},"author":1,"featured_media":0,"parent":0,"menu_order":0,"comment_status":"closed","ping_status":"closed","template":"elementor_header_footer","meta":{"footnotes":""},"class_list":["post-1113","page","type-page","status-publish","hentry"],"yoast_head":"<!-- This site is optimized with the Yoast SEO plugin v27.5 - https:\/\/yoast.com\/product\/yoast-seo-wordpress\/ -->\n<title>Sobre - Magdrill-Smart<\/title>\n<meta name=\"robots\" content=\"index, follow, max-snippet:-1, max-image-preview:large, max-video-preview:-1\" \/>\n<link rel=\"canonical\" href=\"https:\/\/magdrill-smart.com\/es\/sobre\/\" \/>\n<meta property=\"og:locale\" content=\"es_ES\" \/>\n<meta property=\"og:type\" content=\"article\" \/>\n<meta property=\"og:title\" content=\"Sobre - Magdrill-Smart\" \/>\n<meta property=\"og:description\" content=\"BE SMART. Las m\u00e1quinas SMART. nacieron al darnos cuenta de que hay un gran grupo de profesionales del metal que solo quieren perforar agujeros. Es por eso que SMART. est\u00e1 impulsada por el experto a la hora de perforar agujeros: Euroboor. Superando las expectativas de los clientes desarrollando y proporcionando soluciones port\u00e1tiles de perforaci\u00f3n y [&hellip;]\" \/>\n<meta property=\"og:url\" content=\"https:\/\/magdrill-smart.com\/es\/sobre\/\" \/>\n<meta property=\"og:site_name\" content=\"Magdrill-Smart\" \/>\n<meta property=\"article:modified_time\" content=\"2023-10-08T18:25:36+00:00\" \/>\n<meta name=\"twitter:card\" content=\"summary_large_image\" \/>\n<meta name=\"twitter:label1\" content=\"Tiempo de lectura\" \/>\n\t<meta name=\"twitter:data1\" content=\"2 minutos\" \/>\n<script type=\"application\/ld+json\" class=\"yoast-schema-graph\">{\"@context\":\"https:\\\/\\\/schema.org\",\"@graph\":[{\"@type\":\"WebPage\",\"@id\":\"https:\\\/\\\/magdrill-smart.com\\\/es\\\/sobre\\\/\",\"url\":\"https:\\\/\\\/magdrill-smart.com\\\/es\\\/sobre\\\/\",\"name\":\"Sobre - Magdrill-Smart\",\"isPartOf\":{\"@id\":\"https:\\\/\\\/magdrill-smart.com\\\/es\\\/#website\"},\"datePublished\":\"2023-04-24T09:58:17+00:00\",\"dateModified\":\"2023-10-08T18:25:36+00:00\",\"breadcrumb\":{\"@id\":\"https:\\\/\\\/magdrill-smart.com\\\/es\\\/sobre\\\/#breadcrumb\"},\"inLanguage\":\"es\",\"potentialAction\":[{\"@type\":\"ReadAction\",\"target\":[\"https:\\\/\\\/magdrill-smart.com\\\/es\\\/sobre\\\/\"]}]},{\"@type\":\"BreadcrumbList\",\"@id\":\"https:\\\/\\\/magdrill-smart.com\\\/es\\\/sobre\\\/#breadcrumb\",\"itemListElement\":[{\"@type\":\"ListItem\",\"position\":1,\"name\":\"Home\",\"item\":\"https:\\\/\\\/magdrill-smart.com\\\/es\\\/home\\\/\"},{\"@type\":\"ListItem\",\"position\":2,\"name\":\"Sobre\"}]},{\"@type\":\"WebSite\",\"@id\":\"https:\\\/\\\/magdrill-smart.com\\\/es\\\/#website\",\"url\":\"https:\\\/\\\/magdrill-smart.com\\\/es\\\/\",\"name\":\"Magdrill-Smart\",\"description\":\"BE SMART BUY SMART.\",\"publisher\":{\"@id\":\"https:\\\/\\\/magdrill-smart.com\\\/es\\\/#organization\"},\"potentialAction\":[{\"@type\":\"SearchAction\",\"target\":{\"@type\":\"EntryPoint\",\"urlTemplate\":\"https:\\\/\\\/magdrill-smart.com\\\/es\\\/?s={search_term_string}\"},\"query-input\":{\"@type\":\"PropertyValueSpecification\",\"valueRequired\":true,\"valueName\":\"search_term_string\"}}],\"inLanguage\":\"es\"},{\"@type\":\"Organization\",\"@id\":\"https:\\\/\\\/magdrill-smart.com\\\/es\\\/#organization\",\"name\":\"Magdrill-Smart\",\"url\":\"https:\\\/\\\/magdrill-smart.com\\\/es\\\/\",\"logo\":{\"@type\":\"ImageObject\",\"inLanguage\":\"es\",\"@id\":\"https:\\\/\\\/magdrill-smart.com\\\/es\\\/#\\\/schema\\\/logo\\\/image\\\/\",\"url\":\"https:\\\/\\\/magdrill-smart.com\\\/wp-content\\\/uploads\\\/2023\\\/04\\\/magdrill-logo-1.svg\",\"contentUrl\":\"https:\\\/\\\/magdrill-smart.com\\\/wp-content\\\/uploads\\\/2023\\\/04\\\/magdrill-logo-1.svg\",\"width\":213,\"height\":209,\"caption\":\"Magdrill-Smart\"},\"image\":{\"@id\":\"https:\\\/\\\/magdrill-smart.com\\\/es\\\/#\\\/schema\\\/logo\\\/image\\\/\"}}]}<\/script>\n<!-- \/ Yoast SEO plugin. -->","yoast_head_json":{"title":"Sobre - Magdrill-Smart","robots":{"index":"index","follow":"follow","max-snippet":"max-snippet:-1","max-image-preview":"max-image-preview:large","max-video-preview":"max-video-preview:-1"},"canonical":"https:\/\/magdrill-smart.com\/es\/sobre\/","og_locale":"es_ES","og_type":"article","og_title":"Sobre - Magdrill-Smart","og_description":"BE SMART. Las m\u00e1quinas SMART. nacieron al darnos cuenta de que hay un gran grupo de profesionales del metal que solo quieren perforar agujeros. Es por eso que SMART. est\u00e1 impulsada por el experto a la hora de perforar agujeros: Euroboor. Superando las expectativas de los clientes desarrollando y proporcionando soluciones port\u00e1tiles de perforaci\u00f3n y [&hellip;]","og_url":"https:\/\/magdrill-smart.com\/es\/sobre\/","og_site_name":"Magdrill-Smart","article_modified_time":"2023-10-08T18:25:36+00:00","twitter_card":"summary_large_image","twitter_misc":{"Tiempo de lectura":"2 minutos"},"schema":{"@context":"https:\/\/schema.org","@graph":[{"@type":"WebPage","@id":"https:\/\/magdrill-smart.com\/es\/sobre\/","url":"https:\/\/magdrill-smart.com\/es\/sobre\/","name":"Sobre - Magdrill-Smart","isPartOf":{"@id":"https:\/\/magdrill-smart.com\/es\/#website"},"datePublished":"2023-04-24T09:58:17+00:00","dateModified":"2023-10-08T18:25:36+00:00","breadcrumb":{"@id":"https:\/\/magdrill-smart.com\/es\/sobre\/#breadcrumb"},"inLanguage":"es","potentialAction":[{"@type":"ReadAction","target":["https:\/\/magdrill-smart.com\/es\/sobre\/"]}]},{"@type":"BreadcrumbList","@id":"https:\/\/magdrill-smart.com\/es\/sobre\/#breadcrumb","itemListElement":[{"@type":"ListItem","position":1,"name":"Home","item":"https:\/\/magdrill-smart.com\/es\/home\/"},{"@type":"ListItem","position":2,"name":"Sobre"}]},{"@type":"WebSite","@id":"https:\/\/magdrill-smart.com\/es\/#website","url":"https:\/\/magdrill-smart.com\/es\/","name":"Magdrill-Smart","description":"BE SMART BUY SMART.","publisher":{"@id":"https:\/\/magdrill-smart.com\/es\/#organization"},"potentialAction":[{"@type":"SearchAction","target":{"@type":"EntryPoint","urlTemplate":"https:\/\/magdrill-smart.com\/es\/?s={search_term_string}"},"query-input":{"@type":"PropertyValueSpecification","valueRequired":true,"valueName":"search_term_string"}}],"inLanguage":"es"},{"@type":"Organization","@id":"https:\/\/magdrill-smart.com\/es\/#organization","name":"Magdrill-Smart","url":"https:\/\/magdrill-smart.com\/es\/","logo":{"@type":"ImageObject","inLanguage":"es","@id":"https:\/\/magdrill-smart.com\/es\/#\/schema\/logo\/image\/","url":"https:\/\/magdrill-smart.com\/wp-content\/uploads\/2023\/04\/magdrill-logo-1.svg","contentUrl":"https:\/\/magdrill-smart.com\/wp-content\/uploads\/2023\/04\/magdrill-logo-1.svg","width":213,"height":209,"caption":"Magdrill-Smart"},"image":{"@id":"https:\/\/magdrill-smart.com\/es\/#\/schema\/logo\/image\/"}}]}},"_links":{"self":[{"href":"https:\/\/magdrill-smart.com\/es\/wp-json\/wp\/v2\/pages\/1113","targetHints":{"allow":["GET"]}}],"collection":[{"href":"https:\/\/magdrill-smart.com\/es\/wp-json\/wp\/v2\/pages"}],"about":[{"href":"https:\/\/magdrill-smart.com\/es\/wp-json\/wp\/v2\/types\/page"}],"author":[{"embeddable":true,"href":"https:\/\/magdrill-smart.com\/es\/wp-json\/wp\/v2\/users\/1"}],"replies":[{"embeddable":true,"href":"https:\/\/magdrill-smart.com\/es\/wp-json\/wp\/v2\/comments?post=1113"}],"version-history":[{"count":1,"href":"https:\/\/magdrill-smart.com\/es\/wp-json\/wp\/v2\/pages\/1113\/revisions"}],"predecessor-version":[{"id":1114,"href":"https:\/\/magdrill-smart.com\/es\/wp-json\/wp\/v2\/pages\/1113\/revisions\/1114"}],"wp:attachment":[{"href":"https:\/\/magdrill-smart.com\/es\/wp-json\/wp\/v2\/media?parent=1113"}],"curies":[{"name":"wp","href":"https:\/\/api.w.org\/{rel}","templated":true}]}}